{"id":8,"date":"2024-01-29T21:11:07","date_gmt":"2024-01-29T21:11:07","guid":{"rendered":"https:\/\/tristestropicos.cl\/?page_id=8"},"modified":"2024-01-30T14:30:35","modified_gmt":"2024-01-30T14:30:35","slug":"libreria-tristes-tropicos","status":"publish","type":"page","link":"https:\/\/tristestropicos.cl\/index.php\/libreria-tristes-tropicos\/","title":{"rendered":"Librer\u00eda Tristes Tr\u00f3picos"},"content":{"rendered":"\n<div class=\"wp-block-group alignfull has-accent-background-color has-background has-global-padding is-layout-constrained wp-container-core-group-is-layout-669513ed wp-block-group-is-layout-constrained\" style=\"margin-top:0;margin-bottom:0;padding-top:var(--wp--preset--spacing--50);padding-right:var(--wp--preset--spacing--50);padding-bottom:var(--wp--preset--spacing--50);padding-left:var(--wp--preset--spacing--50)\">\n<div class=\"wp-block-columns alignwide is-layout-flex wp-container-core-columns-is-layout-1da03c2a wp-block-columns-is-layout-flex\">\n<div class=\"wp-block-column is-vertically-aligned-stretch is-layout-flow wp-block-column-is-layout-flow\" style=\"flex-basis:50%\">\n<div class=\"wp-block-group is-vertical is-content-justification-stretch is-layout-flex wp-container-core-group-is-layout-444d5ee8 wp-block-group-is-layout-flex\" style=\"min-height:100%\">\n<p class=\"has-heading-font-family has-x-large-font-size\" style=\"line-height:1.2\">Librer\u00eda especializada en libros de arte, antropolog\u00eda, culinaria y literatura.<\/p>\n\n\n\n<div class=\"wp-block-group has-global-padding is-content-justification-left is-layout-constrained wp-container-core-group-is-layout-9fe8ed88 wp-block-group-is-layout-constrained\">\n<p class=\"wp-container-content-0733e5d0\">Amamos los libros que son nuestros compa\u00f1eros de ruta<\/p>\n<\/div>\n<\/div>\n<\/div>\n\n\n\n<div class=\"wp-block-column is-vertically-aligned-center is-layout-flow wp-block-column-is-layout-flow\" style=\"flex-basis:50%\">\n<figure class=\"wp-block-image size-large is-style-rounded is-style-rounded--1\"><img loading=\"lazy\" decoding=\"async\" width=\"1024\" height=\"768\" src=\"https:\/\/tristestropicos.cl\/wp-content\/uploads\/2024\/01\/75DB45C1-EB6A-4D0E-985F-CCEF0B394037-1024x768.jpeg\" alt=\"\" class=\"wp-image-10\" srcset=\"https:\/\/tristestropicos.cl\/wp-content\/uploads\/2024\/01\/75DB45C1-EB6A-4D0E-985F-CCEF0B394037-1024x768.jpeg 1024w, https:\/\/tristestropicos.cl\/wp-content\/uploads\/2024\/01\/75DB45C1-EB6A-4D0E-985F-CCEF0B394037-300x225.jpeg 300w, https:\/\/tristestropicos.cl\/wp-content\/uploads\/2024\/01\/75DB45C1-EB6A-4D0E-985F-CCEF0B394037-768x576.jpeg 768w, https:\/\/tristestropicos.cl\/wp-content\/uploads\/2024\/01\/75DB45C1-EB6A-4D0E-985F-CCEF0B394037.jpeg 1440w\" sizes=\"auto, (max-width: 1024px) 100vw, 1024px\" \/><\/figure>\n<\/div>\n<\/div>\n<\/div>\n\n\n\n<div class=\"wp-block-group alignfull has-base-background-color has-background has-global-padding is-layout-constrained wp-container-core-group-is-layout-d89aad35 wp-block-group-is-layout-constrained\" style=\"margin-top:0;margin-bottom:0;padding-top:var(--wp--preset--spacing--50);padding-right:var(--wp--preset--spacing--50);padding-bottom:var(--wp--preset--spacing--50);padding-left:var(--wp--preset--spacing--50)\">\n<div class=\"wp-block-columns alignwide is-layout-flex wp-container-core-columns-is-layout-549b0c86 wp-block-columns-is-layout-flex\">\n<div class=\"wp-block-column has-global-padding is-content-justification-left is-layout-constrained wp-container-core-column-is-layout-4f15e8fe wp-block-column-is-layout-constrained\" style=\"flex-basis:40%\">\n<p><\/p>\n<\/div>\n\n\n\n<div class=\"wp-block-column is-layout-flow wp-container-core-column-is-layout-119bc444 wp-block-column-is-layout-flow\" style=\"flex-basis:60%\">\n<p class=\"has-heading-font-family has-x-large-font-size\" style=\"line-height:1.2\">Antropolog\u00eda Culinaria Arte Literatura<\/p>\n\n\n\n<p><\/p>\n\n\n\n<p><\/p>\n\n\n\n<div class=\"wp-block-columns is-layout-flex wp-container-core-columns-is-layout-87beb0d0 wp-block-columns-is-layout-flex\">\n<div class=\"wp-block-column is-layout-flow wp-block-column-is-layout-flow\"><\/div>\n\n\n\n<div class=\"wp-block-column is-layout-flow wp-block-column-is-layout-flow\">\n<p><\/p>\n<\/div>\n<\/div>\n<\/div>\n<\/div>\n<\/div>\n\n\n\n<div class=\"wp-block-group alignfull has-accent-5-background-color has-background has-global-padding is-layout-constrained wp-container-core-group-is-layout-d89aad35 wp-block-group-is-layout-constrained\" style=\"margin-top:0;margin-bottom:0;padding-top:var(--wp--preset--spacing--50);padding-right:var(--wp--preset--spacing--50);padding-bottom:var(--wp--preset--spacing--50);padding-left:var(--wp--preset--spacing--50)\">\n<div class=\"wp-block-columns alignwide is-layout-flex wp-container-core-columns-is-layout-1da03c2a wp-block-columns-is-layout-flex\">\n<div class=\"wp-block-column is-vertically-aligned-center is-layout-flow wp-block-column-is-layout-flow\" style=\"flex-basis:60%\">\n<figure class=\"wp-block-gallery has-nested-images columns-default is-cropped wp-block-gallery-3 is-layout-flex wp-block-gallery-is-layout-flex\">\n<figure class=\"wp-block-image size-full is-style-rounded wp-duotone-duotone-1 is-style-rounded--2\"><img loading=\"lazy\" decoding=\"async\" width=\"1920\" height=\"2560\" data-id=\"15\" src=\"https:\/\/tristestropicos.cl\/wp-content\/uploads\/2024\/01\/IMG_5162-scaled.jpeg\" alt=\"\" class=\"wp-image-15\" style=\"aspect-ratio:4\/3;object-fit:cover\" srcset=\"https:\/\/tristestropicos.cl\/wp-content\/uploads\/2024\/01\/IMG_5162-scaled.jpeg 1920w, https:\/\/tristestropicos.cl\/wp-content\/uploads\/2024\/01\/IMG_5162-225x300.jpeg 225w, https:\/\/tristestropicos.cl\/wp-content\/uploads\/2024\/01\/IMG_5162-768x1024.jpeg 768w, https:\/\/tristestropicos.cl\/wp-content\/uploads\/2024\/01\/IMG_5162-1152x1536.jpeg 1152w, https:\/\/tristestropicos.cl\/wp-content\/uploads\/2024\/01\/IMG_5162-1536x2048.jpeg 1536w\" sizes=\"auto, (max-width: 1920px) 100vw, 1920px\" \/><\/figure>\n<\/figure>\n<\/div>\n\n\n\n<div class=\"wp-block-column is-layout-flow wp-block-column-is-layout-flow\" style=\"flex-basis:40%\">\n<h2 class=\"wp-block-heading\">Lo mejor de la literatura universal y latinoamericana <\/h2>\n\n\n\n<p>Los libros gu\u00edan nuestros destinos<\/p>\n\n\n\n<div class=\"wp-block-buttons is-layout-flex wp-block-buttons-is-layout-flex\"><\/div>\n<\/div>\n<\/div>\n<\/div>\n\n\n\n<div class=\"wp-block-group alignfull has-global-padding is-layout-constrained wp-container-core-group-is-layout-669513ed wp-block-group-is-layout-constrained\" style=\"margin-top:0;margin-bottom:0;padding-top:var(--wp--preset--spacing--50);padding-right:var(--wp--preset--spacing--50);padding-bottom:var(--wp--preset--spacing--50);padding-left:var(--wp--preset--spacing--50)\">\n<div class=\"wp-block-group is-vertical is-content-justification-center is-layout-flex wp-container-core-group-is-layout-ce155fab wp-block-group-is-layout-flex\">\n<h2 class=\"wp-block-heading has-text-align-center has-xx-large-font-size\">Conoce nuestro equipo<\/h2>\n\n\n\n<p class=\"has-text-align-center\"><\/p>\n<\/div>\n\n\n\n<div style=\"height:var(--wp--preset--spacing--30)\" aria-hidden=\"true\" class=\"wp-block-spacer\"><\/div>\n\n\n\n<div class=\"wp-block-columns alignwide is-layout-flex wp-container-core-columns-is-layout-4935966c wp-block-columns-is-layout-flex\" style=\"padding-right:0;padding-left:0\">\n<div class=\"wp-block-column is-layout-flow wp-block-column-is-layout-flow\">\n<figure class=\"wp-block-image size-full is-style-rounded is-style-rounded--4\"><img loading=\"lazy\" decoding=\"async\" width=\"1270\" height=\"1270\" src=\"https:\/\/tristestropicos.cl\/wp-content\/uploads\/2024\/01\/IMG_5189.jpeg\" alt=\"\" class=\"wp-image-17\" style=\"aspect-ratio:1;object-fit:cover\" srcset=\"https:\/\/tristestropicos.cl\/wp-content\/uploads\/2024\/01\/IMG_5189.jpeg 1270w, https:\/\/tristestropicos.cl\/wp-content\/uploads\/2024\/01\/IMG_5189-300x300.jpeg 300w, https:\/\/tristestropicos.cl\/wp-content\/uploads\/2024\/01\/IMG_5189-1024x1024.jpeg 1024w, https:\/\/tristestropicos.cl\/wp-content\/uploads\/2024\/01\/IMG_5189-150x150.jpeg 150w, https:\/\/tristestropicos.cl\/wp-content\/uploads\/2024\/01\/IMG_5189-768x768.jpeg 768w\" sizes=\"auto, (max-width: 1270px) 100vw, 1270px\" \/><\/figure>\n\n\n\n<div class=\"wp-block-group is-vertical is-content-justification-center is-nowrap is-layout-flex wp-container-core-group-is-layout-21d4e958 wp-block-group-is-layout-flex\">\n<p class=\"has-text-align-center has-small-font-size\"> Luis Eugenio Campos <\/p>\n\n\n\n<p class=\"has-text-align-center has-small-font-size\">Fundador, CEO &amp; Antrop\u00f3logo <\/p>\n<\/div>\n<\/div>\n<\/div>\n<\/div>\n\n\n\n\n\n<div class=\"wp-block-group alignfull has-base-color has-contrast-background-color has-text-color has-background has-link-color wp-elements-dd8156059f10ba464910a7ba52b4e72b has-global-padding is-layout-constrained wp-container-core-group-is-layout-d89aad35 wp-block-group-is-layout-constrained\" style=\"margin-top:0;margin-bottom:0;padding-top:var(--wp--preset--spacing--50);padding-right:var(--wp--preset--spacing--50);padding-bottom:var(--wp--preset--spacing--50);padding-left:var(--wp--preset--spacing--50)\">\n<h2 class=\"wp-block-heading alignwide has-base-color has-text-color has-link-color wp-elements-c9b5699bdecff18878afa112249018b5\" style=\"font-size:clamp(4.509rem, 4.509rem + ((1vw - 0.2rem) * 9.152), 10rem);letter-spacing:-0.02em\">FAQs<\/h2>\n\n\n\n<div class=\"wp-block-group alignwide is-layout-flow wp-block-group-is-layout-flow\">\n<hr class=\"wp-block-separator has-text-color has-base-color has-alpha-channel-opacity has-base-background-color has-background is-style-wide\"\/>\n\n\n\n<details class=\"wp-block-details is-style-arrow-icon-details has-medium-font-size is-layout-flow wp-block-details-is-layout-flow\" style=\"border-top-style:none;border-top-width:0px;border-right-style:none;border-right-width:0px;border-bottom-color:var(--wp--preset--color--base);border-bottom-style:solid;border-bottom-width:1px;border-left-style:none;border-left-width:0px;margin-top:0\"><summary>\u00bfQu\u00e9 puedo hacer en esta p\u00e1gina?<\/summary>\n<p class=\"has-contrast-1-color has-text-color has-link-color wp-elements-07f033371bc42656f8ea43d67d4229d0\">Puedes conseguir libros descatalogados, puedes leer cosas interesantes, participar de talleres gratis y tambi\u00e9n pagados, conocer de etnograf\u00eda, de literatura y de Am\u00e9rica Latina. <\/p>\n<\/details>\n\n\n\n<details class=\"wp-block-details is-style-arrow-icon-details has-medium-font-size is-layout-flow wp-block-details-is-layout-flow\" style=\"border-top-style:none;border-top-width:0px;border-right-style:none;border-right-width:0px;border-bottom-color:var(--wp--preset--color--base);border-bottom-style:solid;border-bottom-width:1px;border-left-style:none;border-left-width:0px;margin-top:0\"><summary>\u00bfCu\u00e1l es nuestra misi\u00f3n?<\/summary>\n<p class=\"has-contrast-1-color has-text-color has-link-color wp-elements-0c34f93946eb8ccb6c58ca87ec4ab3e5\">Librer\u00eda Tristes Tr\u00f3picos ofrece servicios bibliogr\u00e1ficos y talleres relativos a la cultura, especializados en antropolog\u00eda, literatura, culinaria, arte y pueblos ind\u00edgenas. El objetivo es promover la lectura y el amor por los libros y el conocimiento desde una perspectiva intercultural. Nuestra misi\u00f3n implica una mirada abierta y desencializada acerca las relaciones entre los pueblos y una valoraci\u00f3n hasta el extremo de la importancia de los libros, de sus creadoras y creadores para los procesos socioculturales actuales.<\/p>\n<\/details>\n\n\n\n<details class=\"wp-block-details is-style-arrow-icon-details has-medium-font-size is-layout-flow wp-block-details-is-layout-flow\" style=\"border-top-style:none;border-top-width:0px;border-right-style:none;border-right-width:0px;border-bottom-color:var(--wp--preset--color--base);border-bottom-style:solid;border-bottom-width:1px;border-left-style:none;border-left-width:0px;margin-top:0\"><summary>Me gustar\u00eda conocer a otros antrop\u00f3logos y antrop\u00f3logas y a personas amantes de la literatura. \u00bfC\u00f3mo lo hago?<\/summary>\n<p class=\"has-contrast-1-color has-text-color has-link-color wp-elements-43448c9b84ed8369dec5aa9460d36193\">Librer\u00eda Tristes Tr\u00f3picos es mucho m\u00e1s que una librer\u00eda. Podr\u00e1s recibir sugerencias de contactos que est\u00e9n abordando los mismos temas que t\u00fa y de esa manera ampliar las redes del conocimiento de manera colaborativa.<\/p>\n<\/details>\n\n\n\n<details class=\"wp-block-details is-style-arrow-icon-details has-medium-font-size is-layout-flow wp-block-details-is-layout-flow\" style=\"border-top-style:none;border-top-width:0px;border-right-style:none;border-right-width:0px;border-bottom-color:var(--wp--preset--color--base);border-bottom-style:solid;border-bottom-width:1px;border-left-style:none;border-left-width:0px;margin-top:0\"><summary>\u00bfD\u00f3nde encuentro mayor informaci\u00f3n sobre libros, talleres y otros recursos de la p\u00e1gina?<\/summary>\n<p class=\"has-contrast-1-color has-text-color has-link-color wp-elements-be810fa65a5c20722c47aa2220600513\">Puedes consultar nuestra p\u00e1gina en Facebook https:\/\/www.facebook.com\/profile.php?id=61556139596823 o enviar un mensaje a admin@tristestropicos.cl. Y no olvides hacer seguidor y dar Like en nuestras redes sociales.<\/p>\n<\/details>\n\n\n\n<div style=\"margin-top:var(--wp--preset--spacing--10);margin-bottom:0;height:var(--wp--preset--spacing--10)\" aria-hidden=\"true\" class=\"wp-block-spacer\"><\/div>\n<\/div>\n<\/div>\n\n\n\n<div class=\"wp-block-group alignfull has-global-padding is-layout-constrained wp-container-core-group-is-layout-d89aad35 wp-block-group-is-layout-constrained\" style=\"margin-top:0;margin-bottom:0;padding-top:var(--wp--preset--spacing--50);padding-right:var(--wp--preset--spacing--50);padding-bottom:var(--wp--preset--spacing--50);padding-left:var(--wp--preset--spacing--50)\">\n<div class=\"wp-block-columns alignwide are-vertically-aligned-center is-layout-flex wp-container-core-columns-is-layout-47c06fe3 wp-block-columns-is-layout-flex\">\n<div class=\"wp-block-column is-vertically-aligned-center is-layout-flow wp-block-column-is-layout-flow\" style=\"flex-basis:50%\">\n<h2 class=\"wp-block-heading\">Aprena m\u00e1s, disfrute y si\u00e9ntase acompa\u00f1ado\/a por los libros.<\/h2>\n\n\n\n<ul style=\"line-height:1.75\" class=\"is-style-checkmark-list wp-block-list\">\n<li>Solicite b\u00fasqueda personalizada<\/li>\n\n\n\n<li>Participe de talleres<\/li>\n\n\n\n<li>Viva una experiencia literaria.<\/li>\n<\/ul>\n\n\n\n<div class=\"wp-block-buttons is-layout-flex wp-block-buttons-is-layout-flex\">\n<div class=\"wp-block-button\"><a class=\"wp-block-button__link wp-element-button\" href=\"https:\/\/www.facebook.com\/profile.php?id=61556139596823\" target=\"_blank\" rel=\"noreferrer noopener\">Quiero ser parte<\/a><\/div>\n<\/div>\n<\/div>\n\n\n\n<div class=\"wp-block-column is-vertically-aligned-center is-layout-flow wp-block-column-is-layout-flow\" style=\"flex-basis:50%\">\n<figure class=\"wp-block-image size-full is-style-rounded is-style-rounded--5\"><img loading=\"lazy\" decoding=\"async\" width=\"1920\" height=\"2560\" src=\"https:\/\/tristestropicos.cl\/wp-content\/uploads\/2024\/01\/FC65B0C4-6767-4CC3-BD88-348C0CF305F5-scaled.jpeg\" alt=\"\" class=\"wp-image-39\" style=\"aspect-ratio:1.3333333333333333;object-fit:cover\" srcset=\"https:\/\/tristestropicos.cl\/wp-content\/uploads\/2024\/01\/FC65B0C4-6767-4CC3-BD88-348C0CF305F5-scaled.jpeg 1920w, https:\/\/tristestropicos.cl\/wp-content\/uploads\/2024\/01\/FC65B0C4-6767-4CC3-BD88-348C0CF305F5-225x300.jpeg 225w, https:\/\/tristestropicos.cl\/wp-content\/uploads\/2024\/01\/FC65B0C4-6767-4CC3-BD88-348C0CF305F5-768x1024.jpeg 768w, https:\/\/tristestropicos.cl\/wp-content\/uploads\/2024\/01\/FC65B0C4-6767-4CC3-BD88-348C0CF305F5-1152x1536.jpeg 1152w, https:\/\/tristestropicos.cl\/wp-content\/uploads\/2024\/01\/FC65B0C4-6767-4CC3-BD88-348C0CF305F5-1536x2048.jpeg 1536w\" sizes=\"auto, (max-width: 1920px) 100vw, 1920px\" \/><\/figure>\n<\/div>\n<\/div>\n<\/div>\n","protected":false},"excerpt":{"rendered":"<p>Librer\u00eda especializada en libros de arte, antropolog\u00eda, culinaria y literatura. Amamos los libros que son nuestros compa\u00f1eros de ruta Antropolog\u00eda Culinaria Arte Literatura Lo mejor de la literatura universal y latinoamericana Los libros gu\u00edan nuestros destinos Conoce nuestro equipo Luis Eugenio Campos Fundador, CEO &amp; Antrop\u00f3logo FAQs Aprena m\u00e1s, disfrute y si\u00e9ntase acompa\u00f1ado\/a por los [&hellip;]<\/p>\n","protected":false},"author":1,"featured_media":0,"parent":0,"menu_order":0,"comment_status":"closed","ping_status":"closed","template":"","meta":{"footnotes":""},"class_list":["post-8","page","type-page","status-publish","hentry"],"_links":{"self":[{"href":"https:\/\/tristestropicos.cl\/index.php\/wp-json\/wp\/v2\/pages\/8","targetHints":{"allow":["GET"]}}],"collection":[{"href":"https:\/\/tristestropicos.cl\/index.php\/wp-json\/wp\/v2\/pages"}],"about":[{"href":"https:\/\/tristestropicos.cl\/index.php\/wp-json\/wp\/v2\/types\/page"}],"author":[{"embeddable":true,"href":"https:\/\/tristestropicos.cl\/index.php\/wp-json\/wp\/v2\/users\/1"}],"replies":[{"embeddable":true,"href":"https:\/\/tristestropicos.cl\/index.php\/wp-json\/wp\/v2\/comments?post=8"}],"version-history":[{"count":6,"href":"https:\/\/tristestropicos.cl\/index.php\/wp-json\/wp\/v2\/pages\/8\/revisions"}],"predecessor-version":[{"id":61,"href":"https:\/\/tristestropicos.cl\/index.php\/wp-json\/wp\/v2\/pages\/8\/revisions\/61"}],"wp:attachment":[{"href":"https:\/\/tristestropicos.cl\/index.php\/wp-json\/wp\/v2\/media?parent=8"}],"curies":[{"name":"wp","href":"https:\/\/api.w.org\/{rel}","templated":true}]}}